{"id":6,"date":"2014-06-25T08:26:34","date_gmt":"2014-06-25T06:26:34","guid":{"rendered":"http:\/\/mathias-schreiner.de\/Home\/?page_id=6"},"modified":"2017-04-27T17:45:46","modified_gmt":"2017-04-27T15:45:46","slug":"impressum","status":"publish","type":"page","link":"http:\/\/mathias-schreiner.de\/Home\/impressum\/","title":{"rendered":"Impressum"},"content":{"rendered":"<p class=\"style2\" style=\"text-align: center;\"><strong>Webmaster<\/strong><\/p>\n<p style=\"text-align: center;\">Mathias Schreiner<\/p>\n<p style=\"text-align: center;\">Am Dachsberg 26<\/p>\n<p style=\"text-align: center;\">90607 R\u00fcckersdorf<\/p>\n<p style=\"text-align: center;\">mathias(at)mathiasschreiner.de<\/p>\n<h3 class=\"style3\" style=\"text-align: center;\"><span style=\"color: #ff0000;\"><strong>Haftungshinweis<\/strong>:<\/span><\/h3>\n<p style=\"text-align: center;\">Trotz sorgf\u00e4ltiger inhaltlicher Kontrolle \u00fcbernehme ich keine Haftung f\u00fcr die Inhalte externer Links.<\/p>\n<p style=\"text-align: center;\">F\u00fcr den Inhalt der verlinkten Seiten sind ausschlie\u00dflich deren Betreiber verantwortlich.<\/p>\n","protected":false},"excerpt":{"rendered":"<p>Webmaster Mathias Schreiner Am Dachsberg 26 90607 R\u00fcckersdorf mathias(at)mathiasschreiner.de Haftungshinweis: Trotz sorgf\u00e4ltiger inhaltlicher Kontrolle \u00fcbernehme ich keine Haftung f\u00fcr die Inhalte externer Links. F\u00fcr den Inhalt der verlinkten Seiten sind ausschlie\u00dflich deren Betreiber verantwortlich.<\/p>\n","protected":false},"author":1,"featured_media":0,"parent":0,"menu_order":0,"comment_status":"closed","ping_status":"closed","template":"","meta":{"footnotes":""},"class_list":["post-6","page","type-page","status-publish","hentry"],"_links":{"self":[{"href":"http:\/\/mathias-schreiner.de\/Home\/wp-json\/wp\/v2\/pages\/6","targetHints":{"allow":["GET"]}}],"collection":[{"href":"http:\/\/mathias-schreiner.de\/Home\/wp-json\/wp\/v2\/pages"}],"about":[{"href":"http:\/\/mathias-schreiner.de\/Home\/wp-json\/wp\/v2\/types\/page"}],"author":[{"embeddable":true,"href":"http:\/\/mathias-schreiner.de\/Home\/wp-json\/wp\/v2\/users\/1"}],"replies":[{"embeddable":true,"href":"http:\/\/mathias-schreiner.de\/Home\/wp-json\/wp\/v2\/comments?post=6"}],"version-history":[{"count":6,"href":"http:\/\/mathias-schreiner.de\/Home\/wp-json\/wp\/v2\/pages\/6\/revisions"}],"predecessor-version":[{"id":51,"href":"http:\/\/mathias-schreiner.de\/Home\/wp-json\/wp\/v2\/pages\/6\/revisions\/51"}],"wp:attachment":[{"href":"http:\/\/mathias-schreiner.de\/Home\/wp-json\/wp\/v2\/media?parent=6"}],"curies":[{"name":"wp","href":"https:\/\/api.w.org\/{rel}","templated":true}]}}