{"id":25,"date":"2023-01-21T14:26:40","date_gmt":"2023-01-21T13:26:40","guid":{"rendered":"http:\/\/mathias-schreiner.de\/ev-basar\/colibri-wp\/"},"modified":"2025-03-10T18:50:30","modified_gmt":"2025-03-10T17:50:30","slug":"colibri-wp","status":"publish","type":"page","link":"http:\/\/mathias-schreiner.de\/ev-basar\/","title":{"rendered":"Front Page"},"content":{"rendered":"<div data-colibri-id=\"25-c1\" class=\"style-219 style-local-25-c1 position-relative\">\n  <!---->\n  <div data-colibri-component=\"section\" data-colibri-id=\"25-c2\" id=\"custom\" class=\"h-section h-section-global-spacing d-flex align-items-lg-center align-items-md-center align-items-center style-220 style-local-25-c2 position-relative\">\n    <!---->\n    <!---->\n    <div class=\"h-section-grid-container h-section-boxed-container\">\n      <!---->\n      <div data-colibri-id=\"25-c3\" class=\"h-row-container gutters-row-lg-2 gutters-row-md-2 gutters-row-0 gutters-row-v-lg-2 gutters-row-v-md-2 gutters-row-v-2 style-283 style-local-25-c3 position-relative\">\n        <!---->\n        <div class=\"h-row justify-content-lg-center justify-content-md-center justify-content-center align-items-lg-stretch align-items-md-stretch align-items-stretch gutters-col-lg-2 gutters-col-md-2 gutters-col-0 gutters-col-v-lg-2 gutters-col-v-md-2 gutters-col-v-2\">\n          <!---->\n          <div class=\"h-column h-column-container d-flex h-col-lg-auto h-col-md-auto h-col-auto style-284-outer style-local-25-c4-outer\">\n            <div data-colibri-id=\"25-c4\" class=\"d-flex h-flex-basis h-column__inner h-px-lg-2 h-px-md-2 h-px-2 v-inner-lg-2 v-inner-md-2 v-inner-2 style-284 style-local-25-c4 position-relative\">\n              <!---->\n              <!---->\n              <div class=\"w-100 h-y-container h-column__content h-column__v-align flex-basis-100 align-self-lg-start align-self-md-start align-self-start\">\n                <!---->\n                <div data-colibri-id=\"25-c5\" class=\"h-global-transition-all h-heading style-27 style-local-25-c5 position-relative h-element\">\n                  <!---->\n                  <div class=\"h-heading__outer style-27 style-local-25-c5\">\n                    <!---->\n                    <!---->\n                    <h1 class=\"\">N\u00e4chster Termin\n                      <br>15.03.2025<\/h1>\n                  <\/div>\n                <\/div>\n                <div data-colibri-id=\"25-c6\" class=\"h-text h-text-component style-286 style-local-25-c6 position-relative h-element\">\n                  <!---->\n                  <!---->\n                  <div class=\"\">\n                    <p>Listenverkauf<\/p>\n                    <p>XXX<\/p>\n                    <p>Im Eingangsbereich des EV Haus f\u00fcr Kinder&nbsp;<\/p>\n                    <p>Steinbruchweg 43a, 90607 R\u00fcckersdorf<\/p>\n                    <p>\n                      <br>\n                    <\/p>\n                  <\/div>\n                <\/div>\n              <\/div>\n            <\/div>\n          <\/div>\n        <\/div>\n      <\/div>\n      <div data-colibri-id=\"25-c7\" class=\"h-row-container gutters-row-lg-2 gutters-row-md-2 gutters-row-0 gutters-row-v-lg-2 gutters-row-v-md-2 gutters-row-v-2 style-221 style-local-25-c7 position-relative\">\n        <!---->\n        <div class=\"h-row justify-content-lg-center justify-content-md-center justify-content-center align-items-lg-stretch align-items-md-stretch align-items-stretch gutters-col-lg-2 gutters-col-md-2 gutters-col-0 gutters-col-v-lg-2 gutters-col-v-md-2 gutters-col-v-2\">\n          <!---->\n          <div class=\"h-column h-column-container d-flex h-col-lg-auto h-col-md-auto h-col-auto style-222-outer style-local-25-c8-outer\">\n            <div data-colibri-id=\"25-c8\" class=\"d-flex h-flex-basis h-column__inner h-px-lg-2 h-px-md-2 h-px-2 v-inner-lg-2 v-inner-md-2 v-inner-2 style-222 style-local-25-c8 position-relative\">\n              <!---->\n              <!---->\n              <div class=\"w-100 h-y-container h-column__content h-column__v-align flex-basis-100 align-self-lg-start align-self-md-start align-self-start\">\n                <!---->\n                <div data-colibri-id=\"25-c9\" class=\"h-x-container style-223 style-local-25-c9 position-relative h-element\">\n                  <!---->\n                  <div class=\"h-x-container-inner style-dynamic-25-c9-group style-223-spacing style-local-25-c9-spacing\"><span class=\"h-link__outer style-224-outer style-local-25-c10-outer d-inline-flex h-element\"><a h-use-smooth-scroll=\"true\" href=\"mailto:Team@Basar-Rueckersdorf.de\"  data-colibri-id=\"25-c10\" class=\"d-flex w-100 align-items-center h-link style-224 style-local-25-c10 position-relative\"><!----><!----> <span>E-Mail Kontakt<\/span><\/a>\n                    <\/span>\n                  <\/div>\n                <\/div>\n              <\/div>\n            <\/div>\n          <\/div>\n        <\/div>\n      <\/div>\n    <\/div>\n  <\/div>\n<\/div>","protected":false},"excerpt":{"rendered":"<p>N\u00e4chster Termin 15.03.2025 Listenverkauf XXX Im Eingangsbereich des EV Haus f\u00fcr Kinder&nbsp; Steinbruchweg 43a, 90607 R\u00fcckersdorf E-Mail Kontakt<\/p>\n","protected":false},"author":1,"featured_media":0,"parent":0,"menu_order":0,"comment_status":"closed","ping_status":"closed","template":"page-templates\/homepage.php","meta":{"footnotes":""},"class_list":["post-25","page","type-page","status-publish","hentry"],"_links":{"self":[{"href":"http:\/\/mathias-schreiner.de\/ev-basar\/wp-json\/wp\/v2\/pages\/25","targetHints":{"allow":["GET"]}}],"collection":[{"href":"http:\/\/mathias-schreiner.de\/ev-basar\/wp-json\/wp\/v2\/pages"}],"about":[{"href":"http:\/\/mathias-schreiner.de\/ev-basar\/wp-json\/wp\/v2\/types\/page"}],"author":[{"embeddable":true,"href":"http:\/\/mathias-schreiner.de\/ev-basar\/wp-json\/wp\/v2\/users\/1"}],"replies":[{"embeddable":true,"href":"http:\/\/mathias-schreiner.de\/ev-basar\/wp-json\/wp\/v2\/comments?post=25"}],"version-history":[{"count":16,"href":"http:\/\/mathias-schreiner.de\/ev-basar\/wp-json\/wp\/v2\/pages\/25\/revisions"}],"predecessor-version":[{"id":458,"href":"http:\/\/mathias-schreiner.de\/ev-basar\/wp-json\/wp\/v2\/pages\/25\/revisions\/458"}],"wp:attachment":[{"href":"http:\/\/mathias-schreiner.de\/ev-basar\/wp-json\/wp\/v2\/media?parent=25"}],"curies":[{"name":"wp","href":"https:\/\/api.w.org\/{rel}","templated":true}]}}